{"id":714,"date":"2023-10-30T13:29:10","date_gmt":"2023-10-30T13:29:10","guid":{"rendered":"http:\/\/kurumsalhediyelik.com.tr\/?post_type=product&#038;p=714"},"modified":"2025-09-13T09:40:29","modified_gmt":"2025-09-13T09:40:29","slug":"termo-defter-13x21-1802","status":"publish","type":"product","link":"https:\/\/kurumsalhediyelik.com.tr\/?product=termo-defter-13x21-1802","title":{"rendered":"TERMO DEFTER  13&#215;21 &#8211; 1802"},"content":{"rendered":"<p><em>Fiyat Sorunuz<\/em><\/p>\n","protected":false},"excerpt":{"rendered":"<div class=\"wpb_text_column\">\n<div class=\"wpb_wrapper\">\n<div class=\"wpb_text_column\">\n<div class=\"wpb_text_column\">\n<div class=\"wpb_wrapper\">\n<div class=\"wpb_text_column\">\n<div class=\"wpb_wrapper\">\n<div class=\"wpb_text_column\">\n<div class=\"wpb_wrapper\">\n<div class=\"card-header\"><strong>\u00dcr\u00fcn \u00d6zellikleri<\/strong><\/div>\n<div class=\"card-body\">\n<ul class=\"list-group list-group-flush\">\n<li class=\"list-group-item\"><i class=\"fa fa-angle-double-right\" aria-hidden=\"true\"><\/i>\u00a0Ka\u011f\u0131t: 60 gr. Holmen Krem<\/li>\n<li class=\"list-group-item\"><i class=\"fa fa-angle-double-right\" aria-hidden=\"true\"><\/i>\u00a0Sayfa Say\u0131s\u0131: 160, \u00c7izgili<\/li>\n<li class=\"list-group-item\"><i class=\"fa fa-angle-double-right\" aria-hidden=\"true\"><\/i>\u00a0Bask\u0131: Frekans, Dijital, Serigrafi<\/li>\n<li class=\"list-group-item\"><i class=\"fa fa-angle-double-right\" aria-hidden=\"true\"><\/i>\u00a0Kapak: Suni Deri Sert Kapak<\/li>\n<li class=\"list-group-item\"><i class=\"fa fa-angle-double-right\" aria-hidden=\"true\"><\/i>\u00a0Esnek Lastikli<\/li>\n<li class=\"list-group-item\"><i class=\"fa fa-angle-double-right\" aria-hidden=\"true\"><\/i>\u00a0Kalem Tutucu<\/li>\n<\/ul>\n<\/div>\n<\/div>\n<\/div>\n<\/div>\n<\/div>\n<\/div>\n<\/div>\n<\/div>\n<\/div>\n<\/div>\n","protected":false},"featured_media":708,"comment_status":"open","ping_status":"closed","template":"","meta":[],"product_brand":[],"product_cat":[20],"product_tag":[62,63,64,59,60,61],"class_list":{"0":"post-714","1":"product","2":"type-product","3":"status-publish","4":"has-post-thumbnail","6":"product_cat-defter","7":"product_tag-baskili-defter","8":"product_tag-ozel-tasarim-defter","9":"product_tag-kurumsal-defter","10":"product_tag-promosyon-defter","11":"product_tag-termo-deri-defter","12":"product_tag-defter-imalati","14":"first","15":"instock","16":"shipping-taxable","17":"product-type-simple"},"_links":{"self":[{"href":"https:\/\/kurumsalhediyelik.com.tr\/index.php?rest_route=\/wp\/v2\/product\/714"}],"collection":[{"href":"https:\/\/kurumsalhediyelik.com.tr\/index.php?rest_route=\/wp\/v2\/product"}],"about":[{"href":"https:\/\/kurumsalhediyelik.com.tr\/index.php?rest_route=\/wp\/v2\/types\/product"}],"replies":[{"embeddable":true,"href":"https:\/\/kurumsalhediyelik.com.tr\/index.php?rest_route=%2Fwp%2Fv2%2Fcomments&post=714"}],"wp:featuredmedia":[{"embeddable":true,"href":"https:\/\/kurumsalhediyelik.com.tr\/index.php?rest_route=\/wp\/v2\/media\/708"}],"wp:attachment":[{"href":"https:\/\/kurumsalhediyelik.com.tr\/index.php?rest_route=%2Fwp%2Fv2%2Fmedia&parent=714"}],"wp:term":[{"taxonomy":"product_brand","embeddable":true,"href":"https:\/\/kurumsalhediyelik.com.tr\/index.php?rest_route=%2Fwp%2Fv2%2Fproduct_brand&post=714"},{"taxonomy":"product_cat","embeddable":true,"href":"https:\/\/kurumsalhediyelik.com.tr\/index.php?rest_route=%2Fwp%2Fv2%2Fproduct_cat&post=714"},{"taxonomy":"product_tag","embeddable":true,"href":"https:\/\/kurumsalhediyelik.com.tr\/index.php?rest_route=%2Fwp%2Fv2%2Fproduct_tag&post=714"}],"curies":[{"name":"wp","href":"https:\/\/api.w.org\/{rel}","templated":true}]}}