{"id":681,"date":"2023-10-30T12:24:23","date_gmt":"2023-10-30T12:24:23","guid":{"rendered":"http:\/\/kurumsalhediyelik.com.tr\/?post_type=product&#038;p=681"},"modified":"2024-11-11T08:32:55","modified_gmt":"2024-11-11T08:32:55","slug":"termo-defter-15x21-6056","status":"publish","type":"product","link":"https:\/\/kurumsalhediyelik.com.tr\/?product=termo-defter-15x21-6056","title":{"rendered":"TERMO DEFTER  15&#215;23 &#8211; 6056"},"content":{"rendered":"<p><em>Fiyat Sorunuz<\/em><\/p>\n","protected":false},"excerpt":{"rendered":"<div class=\"wpb_text_column\">\n<div class=\"wpb_wrapper\">\n<div class=\"wpb_text_column\">\n<div class=\"wpb_text_column\">\n<div class=\"wpb_wrapper\">\n<p><img loading=\"lazy\" decoding=\"async\" class=\"alignnone wp-image-677\" src=\"https:\/\/kurumsalhediyelik.com.tr\/wp-content\/uploads\/2023\/10\/70990-lc--500x500.jpg\" alt=\"\" width=\"315\" height=\"315\" srcset=\"https:\/\/kurumsalhediyelik.com.tr\/wp-content\/uploads\/2023\/10\/70990-lc--500x500.jpg 500w, https:\/\/kurumsalhediyelik.com.tr\/wp-content\/uploads\/2023\/10\/70990-lc--300x300.jpg 300w, https:\/\/kurumsalhediyelik.com.tr\/wp-content\/uploads\/2023\/10\/70990-lc--100x100.jpg 100w, https:\/\/kurumsalhediyelik.com.tr\/wp-content\/uploads\/2023\/10\/70990-lc--400x400.jpg 400w, https:\/\/kurumsalhediyelik.com.tr\/wp-content\/uploads\/2023\/10\/70990-lc-.jpg 600w\" sizes=\"(max-width: 315px) 100vw, 315px\" \/><\/p>\n<p><strong>\u00dcr\u00fcn \u00d6zellikleri<\/strong><\/p>\n<\/div>\n<\/div>\n<div class=\"w-post-elm post_content us_custom_1b04de86 without_sections\">\n<p>-Thermo Deri<br \/>\n-15\u00d723 cm<br \/>\n-Metal Manyetik Kilit<br \/>\n-13\u00d721 cm \u0130\u00e7 Blok<br \/>\n-70 gr Ivory Ka\u011f\u0131t<br \/>\n-196 Sayfa<br \/>\n-Tek Renk Ofset Bask\u0131<\/p>\n<p>-S\u0131cak Bask\u0131,UV Bask\u0131<\/p>\n<p>&nbsp;<\/p>\n<\/div>\n<\/div>\n<\/div>\n<\/div>\n","protected":false},"featured_media":676,"comment_status":"open","ping_status":"closed","template":"","meta":[],"product_brand":[],"product_cat":[20],"product_tag":[64,59,60,61,62,63],"class_list":{"0":"post-681","1":"product","2":"type-product","3":"status-publish","4":"has-post-thumbnail","6":"product_cat-defter","7":"product_tag-kurumsal-defter","8":"product_tag-promosyon-defter","9":"product_tag-termo-deri-defter","10":"product_tag-defter-imalati","11":"product_tag-baskili-defter","12":"product_tag-ozel-tasarim-defter","14":"first","15":"instock","16":"shipping-taxable","17":"product-type-simple"},"_links":{"self":[{"href":"https:\/\/kurumsalhediyelik.com.tr\/index.php?rest_route=\/wp\/v2\/product\/681"}],"collection":[{"href":"https:\/\/kurumsalhediyelik.com.tr\/index.php?rest_route=\/wp\/v2\/product"}],"about":[{"href":"https:\/\/kurumsalhediyelik.com.tr\/index.php?rest_route=\/wp\/v2\/types\/product"}],"replies":[{"embeddable":true,"href":"https:\/\/kurumsalhediyelik.com.tr\/index.php?rest_route=%2Fwp%2Fv2%2Fcomments&post=681"}],"wp:featuredmedia":[{"embeddable":true,"href":"https:\/\/kurumsalhediyelik.com.tr\/index.php?rest_route=\/wp\/v2\/media\/676"}],"wp:attachment":[{"href":"https:\/\/kurumsalhediyelik.com.tr\/index.php?rest_route=%2Fwp%2Fv2%2Fmedia&parent=681"}],"wp:term":[{"taxonomy":"product_brand","embeddable":true,"href":"https:\/\/kurumsalhediyelik.com.tr\/index.php?rest_route=%2Fwp%2Fv2%2Fproduct_brand&post=681"},{"taxonomy":"product_cat","embeddable":true,"href":"https:\/\/kurumsalhediyelik.com.tr\/index.php?rest_route=%2Fwp%2Fv2%2Fproduct_cat&post=681"},{"taxonomy":"product_tag","embeddable":true,"href":"https:\/\/kurumsalhediyelik.com.tr\/index.php?rest_route=%2Fwp%2Fv2%2Fproduct_tag&post=681"}],"curies":[{"name":"wp","href":"https:\/\/api.w.org\/{rel}","templated":true}]}}