{"id":611,"date":"2023-10-30T10:28:47","date_gmt":"2023-10-30T10:28:47","guid":{"rendered":"http:\/\/kurumsalhediyelik.com.tr\/?post_type=product&#038;p=611"},"modified":"2025-09-22T14:23:29","modified_gmt":"2025-09-22T14:23:29","slug":"termo-defter-15x21-7056","status":"publish","type":"product","link":"https:\/\/kurumsalhediyelik.com.tr\/?product=termo-defter-15x21-7056","title":{"rendered":"TERMO DEFTER  15&#215;21 8456"},"content":{"rendered":"<ul>\n<li><em>Kapakta Gofre S\u0131cak Bask\u0131 veya renkli UV bask\u0131<\/em><\/li>\n<li><em>\u0130\u00e7 sayfalara LOGO bask\u0131s\u0131 yap\u0131labilir<\/em><\/li>\n<\/ul>\n","protected":false},"excerpt":{"rendered":"<div class=\"wpb_text_column\">\n<div class=\"wpb_wrapper\">\n<p><strong>\u00dcr\u00fcn \u00d6zellikleri<\/strong><\/p>\n<\/div>\n<\/div>\n<div class=\"w-post-elm post_content us_custom_1b04de86 without_sections\">\n<p>-Thermo Deri<br \/>\n-15\u00d721 cm<br \/>\n-Kalemlik<br \/>\n-Kartvizitlik<br \/>\n-70 gr Ivory Ka\u011f\u0131t<br \/>\n-224 Sayfa<br \/>\n-Tek Renk Ofset Bask\u0131<br \/>\n-S\u0131cak Bask\u0131,UV Bask\u0131<\/p>\n<\/div>\n","protected":false},"featured_media":618,"comment_status":"open","ping_status":"closed","template":"","meta":[],"product_brand":[],"product_cat":[20],"product_tag":[59,60,61,62,63,64],"class_list":{"0":"post-611","1":"product","2":"type-product","3":"status-publish","4":"has-post-thumbnail","6":"product_cat-defter","7":"product_tag-promosyon-defter","8":"product_tag-termo-deri-defter","9":"product_tag-defter-imalati","10":"product_tag-baskili-defter","11":"product_tag-ozel-tasarim-defter","12":"product_tag-kurumsal-defter","14":"first","15":"instock","16":"sale","17":"shipping-taxable","18":"purchasable","19":"product-type-simple"},"_links":{"self":[{"href":"https:\/\/kurumsalhediyelik.com.tr\/index.php?rest_route=\/wp\/v2\/product\/611"}],"collection":[{"href":"https:\/\/kurumsalhediyelik.com.tr\/index.php?rest_route=\/wp\/v2\/product"}],"about":[{"href":"https:\/\/kurumsalhediyelik.com.tr\/index.php?rest_route=\/wp\/v2\/types\/product"}],"replies":[{"embeddable":true,"href":"https:\/\/kurumsalhediyelik.com.tr\/index.php?rest_route=%2Fwp%2Fv2%2Fcomments&post=611"}],"wp:featuredmedia":[{"embeddable":true,"href":"https:\/\/kurumsalhediyelik.com.tr\/index.php?rest_route=\/wp\/v2\/media\/618"}],"wp:attachment":[{"href":"https:\/\/kurumsalhediyelik.com.tr\/index.php?rest_route=%2Fwp%2Fv2%2Fmedia&parent=611"}],"wp:term":[{"taxonomy":"product_brand","embeddable":true,"href":"https:\/\/kurumsalhediyelik.com.tr\/index.php?rest_route=%2Fwp%2Fv2%2Fproduct_brand&post=611"},{"taxonomy":"product_cat","embeddable":true,"href":"https:\/\/kurumsalhediyelik.com.tr\/index.php?rest_route=%2Fwp%2Fv2%2Fproduct_cat&post=611"},{"taxonomy":"product_tag","embeddable":true,"href":"https:\/\/kurumsalhediyelik.com.tr\/index.php?rest_route=%2Fwp%2Fv2%2Fproduct_tag&post=611"}],"curies":[{"name":"wp","href":"https:\/\/api.w.org\/{rel}","templated":true}]}}