{"id":1371,"date":"2025-09-25T10:14:32","date_gmt":"2025-09-25T10:14:32","guid":{"rendered":"https:\/\/kurumsalhediyelik.com.tr\/?post_type=product&#038;p=1371"},"modified":"2025-09-25T10:38:33","modified_gmt":"2025-09-25T10:38:33","slug":"gizli-spiralli-ajanda","status":"publish","type":"product","link":"https:\/\/kurumsalhediyelik.com.tr\/?product=gizli-spiralli-ajanda","title":{"rendered":"G\u0130ZL\u0130 SP\u0130RALL\u0130 AJANDA  2494"},"content":{"rendered":"<p>.<\/p>\n","protected":false},"excerpt":{"rendered":"<div class=\"wpb_text_column\">\n<div class=\"wpb_wrapper\">\n<p><strong>\u00dcr\u00fcn \u00d6zellikleri<\/strong><\/p>\n<p>-Thermo Deri<br \/>\n-16,5\u00d722 cm Gizli Spiralli<br \/>\n-15\u00d721 \u0130\u00e7 Blok<br \/>\n-Metal \u0130simlik<br \/>\n-Kalemlik-Lastik<br \/>\n-70 gr Ivory Ka\u011f\u0131t<br \/>\n-336 Sayfa<br \/>\n-Tek Renk Ofset Bask\u0131\n<\/p><\/div>\n<p><img loading=\"lazy\" decoding=\"async\" src=\"http:\/\/www.jadepromosyon.com\/wp-content\/uploads\/YERL\u0130-600x248.png\" alt=\"\" width=\"200\" height=\"100\" class=\"alignleft size-thumbnail wp-image-3538\" \/><br \/>\n<a href=\"https:\/\/api.whatsapp.com\/send?phone=+905072421160&#038;text=Merhaba..Kurumsal Hediyelik..\" rel=\"noopener noreferrer\" target=\"_blank\"> <img loading=\"lazy\" decoding=\"async\" src=\"https:\/\/www.jadepromosyon.com\/wp-content\/uploads\/whats-.jpg\" width=\"200\" height=\"200\"><\/a><br \/>\n<!DOCTYPE html><\/p>\n","protected":false},"featured_media":1295,"comment_status":"open","ping_status":"closed","template":"","meta":[],"product_brand":[],"product_cat":[22],"product_tag":[25,27,28,29,30],"class_list":{"0":"post-1371","1":"product","2":"type-product","3":"status-publish","4":"has-post-thumbnail","6":"product_cat-ajanda","7":"product_tag-ajanda-imalati","8":"product_tag-ekonomik-ajanda","9":"product_tag-17x24-ajanda","10":"product_tag-promosyon-ajanda","11":"product_tag-logo-baskili-ajanda","13":"first","14":"instock","15":"sale","16":"shipping-taxable","17":"purchasable","18":"product-type-simple"},"_links":{"self":[{"href":"https:\/\/kurumsalhediyelik.com.tr\/index.php?rest_route=\/wp\/v2\/product\/1371"}],"collection":[{"href":"https:\/\/kurumsalhediyelik.com.tr\/index.php?rest_route=\/wp\/v2\/product"}],"about":[{"href":"https:\/\/kurumsalhediyelik.com.tr\/index.php?rest_route=\/wp\/v2\/types\/product"}],"replies":[{"embeddable":true,"href":"https:\/\/kurumsalhediyelik.com.tr\/index.php?rest_route=%2Fwp%2Fv2%2Fcomments&post=1371"}],"wp:featuredmedia":[{"embeddable":true,"href":"https:\/\/kurumsalhediyelik.com.tr\/index.php?rest_route=\/wp\/v2\/media\/1295"}],"wp:attachment":[{"href":"https:\/\/kurumsalhediyelik.com.tr\/index.php?rest_route=%2Fwp%2Fv2%2Fmedia&parent=1371"}],"wp:term":[{"taxonomy":"product_brand","embeddable":true,"href":"https:\/\/kurumsalhediyelik.com.tr\/index.php?rest_route=%2Fwp%2Fv2%2Fproduct_brand&post=1371"},{"taxonomy":"product_cat","embeddable":true,"href":"https:\/\/kurumsalhediyelik.com.tr\/index.php?rest_route=%2Fwp%2Fv2%2Fproduct_cat&post=1371"},{"taxonomy":"product_tag","embeddable":true,"href":"https:\/\/kurumsalhediyelik.com.tr\/index.php?rest_route=%2Fwp%2Fv2%2Fproduct_tag&post=1371"}],"curies":[{"name":"wp","href":"https:\/\/api.w.org\/{rel}","templated":true}]}}