{"id":1266,"date":"2025-09-22T14:37:47","date_gmt":"2025-09-22T14:37:47","guid":{"rendered":"https:\/\/kurumsalhediyelik.com.tr\/?post_type=product&#038;p=1266"},"modified":"2025-09-22T14:52:24","modified_gmt":"2025-09-22T14:52:24","slug":"vegan-deri-defter-15x21-8472","status":"publish","type":"product","link":"https:\/\/kurumsalhediyelik.com.tr\/?product=vegan-deri-defter-15x21-8472","title":{"rendered":".VEGAN DER\u0130 DEFTER  15&#215;21 8472"},"content":{"rendered":"<ul>\n<li><em>Kapakta Gofre S\u0131cak Bask\u0131 veya renkli UV bask\u0131<\/em><\/li>\n<li><em>\u0130\u00e7 sayfalara LOGO bask\u0131s\u0131 yap\u0131labilir<\/em><\/li>\n<\/ul>\n","protected":false},"excerpt":{"rendered":"<div class=\"wpb_text_column\">\n<div class=\"wpb_wrapper\">\n<strong>\u00dcr\u00fcn \u00d6zellikleri<\/strong>\n<\/div>\n<\/div>\n<div class=\"w-post-elm post_content us_custom_1b04de86 without_sections\">\n-Do\u011fa dostu Vegan Deri<br \/>\n-15\u00d721 cm<br \/>\n-70 gr Ivory Ka\u011f\u0131t<br \/>\n-224 Sayfa<br \/>\n-Metal Pul<br \/>\n-Tek Renk Ofset Bask\u0131<\/p>\n<\/div>\n<p><img loading=\"lazy\" decoding=\"async\" src=\"http:\/\/www.jadepromosyon.com\/wp-content\/uploads\/YERL\u0130-600x248.png\" alt=\"\" width=\"200\" height=\"100\" class=\"alignleft size-thumbnail wp-image-3538\" \/><br \/>\n<a href=\"https:\/\/api.whatsapp.com\/send?phone=+905072421160&#038;text=Merhaba..Kurumsal Hediyelik..\" rel=\"noopener noreferrer\" target=\"_blank\"> <img loading=\"lazy\" decoding=\"async\" src=\"https:\/\/www.jadepromosyon.com\/wp-content\/uploads\/whats-.jpg\" width=\"200\" height=\"200\"><\/a><br \/>\n<!DOCTYPE html><br \/>\n<html><br \/>\n  <head><br \/>\n    <title>Title of the document<\/title><\/p>\n<style>\n      .blink {\n      animation: blinker 1.5s linear infinite;\n      color: #1c87c9;\n      font-size: 20px;\n      font-weight: bold;\n      font-family: sans-serif;\n      }\n      @keyframes blinker {  \n      50% { opacity: 0; }\n      }\n    <\/style>\n<p>  <\/head><\/p>\n<p><\/html><\/p>\n","protected":false},"featured_media":1249,"comment_status":"open","ping_status":"closed","template":"","meta":[],"product_brand":[],"product_cat":[20],"product_tag":[60,61,62,63,64,59],"class_list":{"0":"post-1266","1":"product","2":"type-product","3":"status-publish","4":"has-post-thumbnail","6":"product_cat-defter","7":"product_tag-termo-deri-defter","8":"product_tag-defter-imalati","9":"product_tag-baskili-defter","10":"product_tag-ozel-tasarim-defter","11":"product_tag-kurumsal-defter","12":"product_tag-promosyon-defter","14":"first","15":"instock","16":"sale","17":"shipping-taxable","18":"purchasable","19":"product-type-simple"},"_links":{"self":[{"href":"https:\/\/kurumsalhediyelik.com.tr\/index.php?rest_route=\/wp\/v2\/product\/1266"}],"collection":[{"href":"https:\/\/kurumsalhediyelik.com.tr\/index.php?rest_route=\/wp\/v2\/product"}],"about":[{"href":"https:\/\/kurumsalhediyelik.com.tr\/index.php?rest_route=\/wp\/v2\/types\/product"}],"replies":[{"embeddable":true,"href":"https:\/\/kurumsalhediyelik.com.tr\/index.php?rest_route=%2Fwp%2Fv2%2Fcomments&post=1266"}],"wp:featuredmedia":[{"embeddable":true,"href":"https:\/\/kurumsalhediyelik.com.tr\/index.php?rest_route=\/wp\/v2\/media\/1249"}],"wp:attachment":[{"href":"https:\/\/kurumsalhediyelik.com.tr\/index.php?rest_route=%2Fwp%2Fv2%2Fmedia&parent=1266"}],"wp:term":[{"taxonomy":"product_brand","embeddable":true,"href":"https:\/\/kurumsalhediyelik.com.tr\/index.php?rest_route=%2Fwp%2Fv2%2Fproduct_brand&post=1266"},{"taxonomy":"product_cat","embeddable":true,"href":"https:\/\/kurumsalhediyelik.com.tr\/index.php?rest_route=%2Fwp%2Fv2%2Fproduct_cat&post=1266"},{"taxonomy":"product_tag","embeddable":true,"href":"https:\/\/kurumsalhediyelik.com.tr\/index.php?rest_route=%2Fwp%2Fv2%2Fproduct_tag&post=1266"}],"curies":[{"name":"wp","href":"https:\/\/api.w.org\/{rel}","templated":true}]}}