{"id":455,"date":"2023-10-26T10:31:22","date_gmt":"2023-10-26T10:31:22","guid":{"rendered":"http:\/\/kurumsalhediyelik.com.tr\/?page_id=455"},"modified":"2023-10-26T10:54:55","modified_gmt":"2023-10-26T10:54:55","slug":"referanslar","status":"publish","type":"page","link":"https:\/\/kurumsalhediyelik.com.tr\/?page_id=455","title":{"rendered":"REFERANSLAR"},"content":{"rendered":"<p>JADE REKLAM kurulu\u015flar\u0131 olan :<\/p><p>Jadepromosyon.com   ve kurumsalhediyelik.com.tr    Referanslar\u0131d\u0131r.<\/p><pre class=\"wp-block-code\"><code><\/code><\/pre><img loading=\"lazy\" decoding=\"async\" src=\"http:\/\/www.jadepromosyon.com\/wp-content\/uploads\/PRESS-1.jpg\" alt=\"\" width=\"140\" height=\"140\" class=\"alignleft size-medium wp-image-3833\"><img loading=\"lazy\" decoding=\"async\" src=\"http:\/\/www.jadepromosyon.com\/wp-content\/uploads\/REF-VSN.png\" alt=\"\" width=\"140\" height=\"140\" class=\"alignleft size-medium wp-image-3833\"><img loading=\"lazy\" decoding=\"async\" src=\"https:\/\/www.jadepromosyon.com\/wp-content\/uploads\/rsoto.jpg\" alt=\"\" width=\"140\" height=\"140\" class=\"alignleft size-medium wp-image-3833\"><img loading=\"lazy\" decoding=\"async\" src=\"https:\/\/www.jadepromosyon.com\/wp-content\/uploads\/REF-MEZ.jpg\" alt=\"\" width=\"140\" height=\"140\" class=\"alignleft size-medium wp-image-3833\"><img loading=\"lazy\" decoding=\"async\" src=\"https:\/\/www.jadepromosyon.com\/wp-content\/uploads\/REF-SANKO-1.jpg\" alt=\"\" width=\"140\" height=\"140\" class=\"alignleft size-medium wp-image-3833\"><img loading=\"lazy\" decoding=\"async\" src=\"http:\/\/www.jadepromosyon.com\/wp-content\/uploads\/REF-TRGT.png\" alt=\"\" width=\"140\" height=\"140\" class=\"alignleft size-medium wp-image-3833\"><img loading=\"lazy\" decoding=\"async\" src=\"http:\/\/www.jadepromosyon.com\/wp-content\/uploads\/REF-OVL.png\" alt=\"\" width=\"140\" height=\"140\" class=\"alignleft size-medium wp-image-3833\"><img loading=\"lazy\" decoding=\"async\" src=\"http:\/\/www.jadepromosyon.com\/wp-content\/uploads\/REF-KIZILAY.png\" alt=\"\" width=\"140\" height=\"140\" class=\"alignleft size-medium wp-image-3833\"><img loading=\"lazy\" decoding=\"async\" src=\"http:\/\/www.jadepromosyon.com\/wp-content\/uploads\/REF-NORM.jpg\" alt=\"\" width=\"140\" height=\"140\" class=\"alignleft size-medium wp-image-3833\"><img loading=\"lazy\" decoding=\"async\" src=\"https:\/\/www.jadepromosyon.com\/wp-content\/uploads\/REF-INTER.jpg\" alt=\"\" width=\"140\" height=\"140\" class=\"alignleft size-medium wp-image-3833\"><img loading=\"lazy\" decoding=\"async\" src=\"https:\/\/www.jadepromosyon.com\/wp-content\/uploads\/REF-propay.jpg\" alt=\"\" width=\"140\" height=\"140\" class=\"alignleft size-medium wp-image-3833\"><img loading=\"lazy\" decoding=\"async\" src=\"https:\/\/www.jadepromosyon.com\/wp-content\/uploads\/REF-POLEM.jpg\" alt=\"\" width=\"140\" height=\"140\" class=\"alignleft size-medium wp-image-3833\"><img loading=\"lazy\" decoding=\"async\" src=\"https:\/\/www.jadepromosyon.com\/wp-content\/uploads\/REF-OZLU.jpg\" alt=\"\" width=\"140\" height=\"140\" class=\"alignleft size-medium wp-image-3833\"><img loading=\"lazy\" decoding=\"async\" src=\"https:\/\/www.jadepromosyon.com\/wp-content\/uploads\/REF-SANKO.jpg\" alt=\"\" width=\"140\" height=\"140\" class=\"alignleft size-medium wp-image-3833\">\n<img loading=\"lazy\" decoding=\"async\" src=\"https:\/\/www.jadepromosyon.com\/wp-content\/uploads\/REF-ELEKTRO.jpg\" alt=\"\" width=\"140\" height=\"140\" class=\"alignleft size-medium wp-image-3833\">\n<img loading=\"lazy\" decoding=\"async\" src=\"https:\/\/www.jadepromosyon.com\/wp-content\/uploads\/REF-ZENITH.jpg\" alt=\"\" width=\"140\" height=\"140\" class=\"alignleft size-medium wp-image-3833\">\n<img loading=\"lazy\" decoding=\"async\" src=\"http:\/\/www.jadepromosyon.com\/wp-content\/uploads\/REF-SS.jpg\" alt=\"\" width=\"140\" height=\"140\" class=\"alignleft size-medium wp-image-3833\">\n<img loading=\"lazy\" decoding=\"async\" src=\"http:\/\/www.jadepromosyon.com\/wp-content\/uploads\/REF-EYE.png\" alt=\"\" width=\"140\" height=\"140\" class=\"alignleft size-medium wp-image-3833\"><img loading=\"lazy\" decoding=\"async\" src=\"http:\/\/www.jadepromosyon.com\/wp-content\/uploads\/REF-ESSA.png\" alt=\"\" width=\"140\" height=\"140\" class=\"alignleft size-medium wp-image-3833\">\n<img loading=\"lazy\" decoding=\"async\" src=\"http:\/\/www.jadepromosyon.com\/wp-content\/uploads\/REF-IICS.jpg\" alt=\"\" width=\"140\" height=\"140\" class=\"alignleft size-medium wp-image-3833\"> <img loading=\"lazy\" decoding=\"async\" src=\"https:\/\/www.jadepromosyon.com\/wp-content\/uploads\/REF-PROFILO.jpg\" alt=\"\" width=\"140\" height=\"140\" class=\"alignleft size-medium wp-image-1564\"><img loading=\"lazy\" decoding=\"async\" src=\"http:\/\/www.jadepromosyon.com\/wp-content\/uploads\/Untitled-1.png\" alt=\"\" width=\"140\" height=\"140\" class=\"alignleft size-medium wp-image-3833\"><img loading=\"lazy\" decoding=\"async\" src=\"http:\/\/www.jadepromosyon.com\/wp-content\/uploads\/REF-goodwill.jpg\" alt=\"\" width=\"140\" height=\"140\" class=\"alignleft size-medium wp-image-3833\"><img loading=\"lazy\" decoding=\"async\" src=\"http:\/\/www.jadepromosyon.com\/wp-content\/uploads\/REF-ERK.png\" alt=\"\" width=\"140\" height=\"140\" class=\"alignleft size-medium wp-image-3833\">\n<img loading=\"lazy\" decoding=\"async\" src=\"http:\/\/www.jadepromosyon.com\/wp-content\/uploads\/ref-ince.jpg\" alt=\"\" width=\"140\" height=\"140\" class=\"alignleft size-medium wp-image-3833\">\n<img loading=\"lazy\" decoding=\"async\" src=\"http:\/\/www.jadepromosyon.com\/wp-content\/uploads\/ref-isim.jpg\" alt=\"\" width=\"140\" height=\"140\" class=\"alignleft size-medium wp-image-3833\">\n<img loading=\"lazy\" decoding=\"async\" src=\"http:\/\/www.jadepromosyon.com\/wp-content\/uploads\/REF-OKS\u0130D-.jpg\" alt=\"\" width=\"140\" height=\"140\" class=\"alignleft size-medium wp-image-3833\">\n<img loading=\"lazy\" decoding=\"async\" src=\"http:\/\/www.jadepromosyon.com\/wp-content\/uploads\/REF-SAP.jpg\" alt=\"\" width=\"140\" height=\"140\" class=\"alignleft size-medium wp-image-3837\">\n<img loading=\"lazy\" decoding=\"async\" src=\"http:\/\/www.jadepromosyon.com\/wp-content\/uploads\/moore.jpg\" alt=\"\" width=\"140\" height=\"140\" class=\"alignleft size-medium wp-image-1558\">\n <img loading=\"lazy\" decoding=\"async\" src=\"http:\/\/www.jadepromosyon.com\/wp-content\/uploads\/opaklens.jpg\" alt=\"\" width=\"140\" height=\"140\" class=\"alignleft size-medium wp-image-1725\">\n<img loading=\"lazy\" decoding=\"async\" src=\"http:\/\/www.jadepromosyon.com\/wp-content\/uploads\/REF-BETON.jpg\" alt=\"\" width=\"140\" height=\"140\" class=\"alignleft size-medium wp-image-1570\">\n<img loading=\"lazy\" decoding=\"async\" src=\"http:\/\/www.jadepromosyon.com\/wp-content\/uploads\/REF-RS.jpg\" alt=\"\" width=\"140\" height=\"140\" class=\"alignleft size-medium wp-image-3836\">\n<img loading=\"lazy\" decoding=\"async\" src=\"https:\/\/www.jadepromosyon.com\/wp-content\/uploads\/REF-R2.jpg\" alt=\"\" width=\"140\" height=\"140\" class=\"alignleft size-medium wp-image-3832\">\n<img loading=\"lazy\" decoding=\"async\" src=\"http:\/\/www.jadepromosyon.com\/wp-content\/uploads\/REF-AR\u0130.jpg\" alt=\"\" width=\"140\" height=\"140\" class=\"alignleft size-medium wp-image-1567\">\n<img loading=\"lazy\" decoding=\"async\" src=\"http:\/\/www.jadepromosyon.com\/wp-content\/uploads\/REF-ERZ.png\" alt=\"\" width=\"140\" height=\"140\" class=\"alignleft size-medium wp-image-3833\">\n<img loading=\"lazy\" decoding=\"async\" src=\"http:\/\/www.jadepromosyon.com\/wp-content\/uploads\/REF-TUZEL.jpg\" alt=\"\" width=\"140\" height=\"140\" class=\"alignleft size-medium wp-image-3833\">\n<img loading=\"lazy\" decoding=\"async\" src=\"http:\/\/www.jadepromosyon.com\/wp-content\/uploads\/VESTEL.jpg\" alt=\"\" width=\"140\" height=\"140\" class=\"alignleft size-medium wp-image-1580\"><img loading=\"lazy\" decoding=\"async\" src=\"http:\/\/www.jadepromosyon.com\/wp-content\/uploads\/\u00d6RKON.jpg\" alt=\"\" width=\"140\" height=\"140\" class=\"alignleft size-medium wp-image-1559\"><img loading=\"lazy\" decoding=\"async\" src=\"http:\/\/www.jadepromosyon.com\/wp-content\/uploads\/LIONS-1.jpg\" alt=\"\" width=\"140\" height=\"140\" class=\"alignleft size-medium wp-image-1557\"><img loading=\"lazy\" decoding=\"async\" src=\"http:\/\/www.jadepromosyon.com\/wp-content\/uploads\/AKY\u00dcREK.png\" alt=\"\" width=\"140\" height=\"140\" class=\"alignleft size-medium wp-image-1546\">\n<img loading=\"lazy\" decoding=\"async\" src=\"https:\/\/www.jadepromosyon.com\/wp-content\/uploads\/albaksan-.jpg\" alt=\"\" width=\"140\" height=\"140\" class=\"alignleft size-medium wp-image-1561\">\n<img loading=\"lazy\" decoding=\"async\" src=\"http:\/\/www.jadepromosyon.com\/wp-content\/uploads\/PHILIPS.png\" alt=\"\" width=\"140\" height=\"140\" class=\"alignleft size-medium wp-image-1561\">\n<img loading=\"lazy\" decoding=\"async\" src=\"http:\/\/www.jadepromosyon.com\/wp-content\/uploads\/KAHVE-1.jpg\" alt=\"\" width=\"140\" height=\"140\" class=\"alignleft size-medium wp-image-1555\">\n<img loading=\"lazy\" decoding=\"async\" src=\"http:\/\/www.jadepromosyon.com\/wp-content\/uploads\/GAZ\u0130LER.jpg\" alt=\"\" width=\"140\" height=\"140\" class=\"alignleft size-medium wp-image-1551\">\n<img loading=\"lazy\" decoding=\"async\" src=\"http:\/\/www.jadepromosyon.com\/wp-content\/uploads\/REFERANSLAR.png\" alt=\"\" width=\"140\" height=\"140\" class=\"alignleft size-medium wp-image-1571\">\n<img loading=\"lazy\" decoding=\"async\" src=\"https:\/\/www.jadepromosyon.com\/wp-content\/uploads\/MARMARAY.jpg\" alt=\"\" width=\"140\" height=\"140\" class=\"alignleft size-medium wp-image-3833\">\n<img loading=\"lazy\" decoding=\"async\" src=\"https:\/\/www.jadepromosyon.com\/wp-content\/uploads\/cetn.jpg\" alt=\"\" width=\"140\" height=\"140\" class=\"alignleft size-medium wp-image-3833\">\n<img loading=\"lazy\" decoding=\"async\" src=\"https:\/\/www.jadepromosyon.com\/wp-content\/uploads\/gar.jpg\" alt=\"\" width=\"140\" height=\"140\" class=\"alignleft size-medium wp-image-3833\">\n<img loading=\"lazy\" decoding=\"async\" src=\"https:\/\/www.jadepromosyon.com\/wp-content\/uploads\/NNG.jpg\" alt=\"\" width=\"140\" height=\"140\" class=\"alignleft size-full wp-image-1729\"><a href=\"http:\/\/www.jadepromosyon.com\/wp-content\/uploads\/13315567_1442719949086937_5375656255709747206_n.jpg\">\n<img loading=\"lazy\" decoding=\"async\" class=\"alignleft wp-image-737\" src=\"http:\/\/www.jadepromosyon.com\/wp-content\/uploads\/13315567_1442719949086937_5375656255709747206_n.jpg\" alt=\"\" width=\"140\" height=\"140\"><\/a>\n<a href=\"http:\/\/www.jadepromosyon.com\/wp-content\/uploads\/13319688_1442720115753587_468561785234548181_n.jpg\">\n<img loading=\"lazy\" decoding=\"async\" class=\"alignleft wp-image-738\" src=\"http:\/\/www.jadepromosyon.com\/wp-content\/uploads\/13319688_1442720115753587_468561785234548181_n.jpg\" alt=\"\" width=\"140\" height=\"140\"><\/a><a href=\"http:\/\/www.jadepromosyon.com\/wp content\/uploads\/13322098_1442719955753603_6627476653336281017_n.jpg\">\n<img loading=\"lazy\" decoding=\"async\" class=\"alignleft wp-image-739\" src=\"http:\/\/www.jadepromosyon.com\/wp-content\/uploads\/13322098_1442719955753603_6627476653336281017_n.jpg\" alt=\"\" width=\"140\" height=\"140\"><\/a><a href=\"http:\/\/www.jadepromosyon.com\/wp-content\/uploads\/13327459_1442720105753588_6167770882738936898_n.jpg\">\n<img loading=\"lazy\" decoding=\"async\" class=\"alignleft wp-image-740\" src=\"http:\/\/www.jadepromosyon.com\/wp-content\/uploads\/13327459_1442720105753588_6167770882738936898_n.jpg\" alt=\"\" width=\"140\" height=\"140\"><\/a><a href=\"http:\/\/www.jadepromosyon.com\/wp-content\/uploads\/13327642_1442720089086923_4688484628508954889_n.jpg\">\n<img loading=\"lazy\" decoding=\"async\" class=\"alignleft wp-image-741\" src=\"http:\/\/www.jadepromosyon.com\/wp-content\/uploads\/13327642_1442720089086923_4688484628508954889_n.jpg\" alt=\"\" width=\"140\" height=\"140\"><\/a><a href=\"http:\/\/www.jadepromosyon.com\/wp-content\/uploads\/13342862_1442720022420263_6601682958597064000_n.jpg\">\n<img loading=\"lazy\" decoding=\"async\" class=\"alignleft wp-image-742\" src=\"http:\/\/www.jadepromosyon.com\/wp-content\/uploads\/13342862_1442720022420263_6601682958597064000_n.jpg\" alt=\"\" width=\"140\" height=\"140\"><\/a><a href=\"http:\/\/www.jadepromosyon.com\/wp-content\/uploads\/13344505_1442720032420262_6110081997154096215_n.jpg\"><img loading=\"lazy\" decoding=\"async\" class=\"alignleft wp-image-743\" src=\"http:\/\/www.jadepromosyon.com\/wp-content\/uploads\/13344505_1442720032420262_6110081997154096215_n.jpg\" alt=\"\" width=\"140\" height=\"140\"><\/a><a href=\"http:\/\/www.jadepromosyon.com\/wp-content\/uploads\/13346436_1442720025753596_9058520886481992054_n.jpg\"><img loading=\"lazy\" decoding=\"async\" class=\"alignleft wp-image-744\" src=\"http:\/\/www.jadepromosyon.com\/wp-content\/uploads\/13346436_1442720025753596_9058520886481992054_n.jpg\" alt=\"\" width=\"140\" height=\"140\"><\/a><a href=\"http:\/\/www.jadepromosyon.com\/wp-content\/uploads\/13394157_1442720169086915_4095860231177866594_n.jpg\"><img loading=\"lazy\" decoding=\"async\" class=\"alignleft wp-image-745\" src=\"http:\/\/www.jadepromosyon.com\/wp-content\/uploads\/13394157_1442720169086915_4095860231177866594_n.jpg\" alt=\"\" width=\"140\" height=\"140\"><\/a><a href=\"http:\/\/www.jadepromosyon.com\/wp-content\/uploads\/13406727_1442720152420250_3851419885410799660_n.jpg\"><img loading=\"lazy\" decoding=\"async\" class=\"alignleft wp-image-746\" src=\"http:\/\/www.jadepromosyon.com\/wp-content\/uploads\/13406727_1442720152420250_3851419885410799660_n.jpg\" alt=\"\" width=\"140\" height=\"140\"><\/a><a href=\"http:\/\/www.jadepromosyon.com\/wp-content\/uploads\/13406783_1442720172420248_4481067645709177638_n.jpg\"><img loading=\"lazy\" decoding=\"async\" class=\"alignleft wp-image-747\" src=\"http:\/\/www.jadepromosyon.com\/wp-content\/uploads\/13406783_1442720172420248_4481067645709177638_n.jpg\" alt=\"\" width=\"140\" height=\"140\"><\/a><a href=\"http:\/\/www.jadepromosyon.com\/wp-content\/uploads\/13413140_1442719965753602_6796099930796402110_n.jpg\"><img loading=\"lazy\" decoding=\"async\" class=\"alignleft wp-image-748\" src=\"http:\/\/www.jadepromosyon.com\/wp-content\/uploads\/13413140_1442719965753602_6796099930796402110_n.jpg\" alt=\"\" width=\"140\" height=\"140\"><\/a><a href=\"http:\/\/www.jadepromosyon.com\/wp-content\/uploads\/13962573_1528588693833395_8089963467948472662_n.jpg\"><img loading=\"lazy\" decoding=\"async\" class=\"alignleft wp-image-749\" src=\"http:\/\/www.jadepromosyon.com\/wp-content\/uploads\/13962573_1528588693833395_8089963467948472662_n.jpg\" alt=\"\" width=\"140\" height=\"140\"><\/a><a href=\"http:\/\/www.jadepromosyon.com\/wp-content\/uploads\/14022244_1528588690500062_5196859542039805659_n.jpg\"><img loading=\"lazy\" decoding=\"async\" class=\"alignleft wp-image-750\" src=\"http:\/\/www.jadepromosyon.com\/wp-content\/uploads\/14022244_1528588690500062_5196859542039805659_n.jpg\" alt=\"\" width=\"140\" height=\"140\"><\/a><a href=\"http:\/\/www.jadepromosyon.com\/wp-content\/uploads\/14040202_1528588800500051_3010589929786337771_n.jpg\"><img loading=\"lazy\" decoding=\"async\" class=\"alignleft wp-image-751\" src=\"http:\/\/www.jadepromosyon.com\/wp-content\/uploads\/14040202_1528588800500051_3010589929786337771_n.jpg\" alt=\"\" width=\"140\" height=\"140\"><\/a><a href=\"http:\/\/www.jadepromosyon.com\/wp-content\/uploads\/14054254_1528610193831245_7668034027075520314_n.jpg\"><img loading=\"lazy\" decoding=\"async\" class=\"alignleft wp-image-752\" src=\"http:\/\/www.jadepromosyon.com\/wp-content\/uploads\/14054254_1528610193831245_7668034027075520314_n.jpg\" alt=\"\" width=\"140\" height=\"140\"><\/a><a href=\"http:\/\/www.jadepromosyon.com\/wp-content\/uploads\/14055160_1528588793833385_5793293724431632893_n.jpg\"><img loading=\"lazy\" decoding=\"async\" class=\"alignleft wp-image-753\" src=\"http:\/\/www.jadepromosyon.com\/wp-content\/uploads\/14055160_1528588793833385_5793293724431632893_n.jpg\" alt=\"\" width=\"140\" height=\"140\"><\/a><a href=\"http:\/\/www.jadepromosyon.com\/wp-content\/uploads\/14063903_1528631297162468_6025814934223664190_n.jpg\"><img loading=\"lazy\" decoding=\"async\" class=\"alignleft wp-image-754\" src=\"http:\/\/www.jadepromosyon.com\/wp-content\/uploads\/14063903_1528631297162468_6025814934223664190_n.jpg\" alt=\"\" width=\"140\" height=\"140\"><\/a><a href=\"http:\/\/www.jadepromosyon.com\/wp-content\/uploads\/14079871_1528610577164540_279584093391356988_n.jpg\"><img loading=\"lazy\" decoding=\"async\" class=\"alignleft wp-image-755\" src=\"http:\/\/www.jadepromosyon.com\/wp-content\/uploads\/14079871_1528610577164540_279584093391356988_n.jpg\" alt=\"\" width=\"140\" height=\"140\"><\/a><a href=\"http:\/\/www.jadepromosyon.com\/wp-content\/uploads\/14088416_1528624103829854_8364305216646842893_n.jpg\"><img loading=\"lazy\" decoding=\"async\" class=\"alignleft wp-image-756\" src=\"http:\/\/www.jadepromosyon.com\/wp-content\/uploads\/14088416_1528624103829854_8364305216646842893_n.jpg\" alt=\"\" width=\"140\" height=\"140\"><\/a><a href=\"http:\/\/www.jadepromosyon.com\/wp-content\/uploads\/14100401_1528598263832438_1170681851114078484_n.jpg\"><img loading=\"lazy\" decoding=\"async\" class=\"alignleft wp-image-757\" src=\"http:\/\/www.jadepromosyon.com\/wp-content\/uploads\/14100401_1528598263832438_1170681851114078484_n.jpg\" alt=\"\" width=\"140\" height=\"140\"><\/a><a href=\"http:\/\/www.jadepromosyon.com\/wp content\/uploads\/14102610_1528628217162776_5622591281286319389_n.jpg\"><img loading=\"lazy\" decoding=\"async\" class=\"alignleft wp-image-758\" src=\"http:\/\/www.jadepromosyon.com\/wp-content\/uploads\/14102610_1528628217162776_5622591281286319389_n.jpg\" alt=\"\" width=\"140\" height=\"140\"><img loading=\"lazy\" decoding=\"async\" src=\"http:\/\/www.jadepromosyon.com\/wp-\ncontent\/uploads\/YAFA-200x200.jpg\" alt=\"\" width=\"140\" height=\"140\" \"=\"\" class=\"alignleft size-medium wp-image-1505\">\n<img loading=\"lazy\" decoding=\"async\" src=\"http:\/\/www.jadepromosyon.com\/wp-content\/uploads\/REF-ART.png\" alt=\"\" width=\"140\" height=\"140\" class=\"alignleft size-medium wp-image-3833\">\n<img loading=\"lazy\" decoding=\"async\" src=\"http:\/\/www.jadepromosyon.com\/wp-content\/uploads\/RED-EKSIK.jpg\" alt=\"\" width=\"140\" height=\"140\" class=\"alignleft size-medium wp-image-3833\">\n<img loading=\"lazy\" decoding=\"async\" src=\"http:\/\/www.jadepromosyon.com\/wp-content\/uploads\/REF-DETAY-3-1.jpg\" alt=\"\" width=\"140\" height=\"140\" class=\"alignleft size-medium wp-image-3834\">\n<img loading=\"lazy\" decoding=\"async\" src=\"http:\/\/www.jadepromosyon.com\/wp-content\/uploads\/REF-HAZEL.jpg\" alt=\"\" width=\"140\" height=\"140\" class=\"alignleft size-medium wp-image-3833\">\n<img loading=\"lazy\" decoding=\"async\" src=\"http:\/\/www.jadepromosyon.com\/wp-content\/uploads\/REF-k\u0131ng.jpg\" alt=\"\" width=\"140\" height=\"140\" class=\"alignleft size-medium  wp-image-1563\"><\/a><pre class=\"wp-block-code\"><code><\/code><\/pre>","protected":false},"excerpt":{"rendered":"<p>JADE REKLAM kurulu\u015flar\u0131 olan : Jadepromosyon.com ve kurumsalhediyelik.com.tr Referanslar\u0131d\u0131r.<\/p>\n","protected":false},"author":1,"featured_media":0,"parent":0,"menu_order":0,"comment_status":"closed","ping_status":"closed","template":"","meta":{"footnotes":""},"class_list":["post-455","page","type-page","status-publish","hentry"],"_links":{"self":[{"href":"https:\/\/kurumsalhediyelik.com.tr\/index.php?rest_route=\/wp\/v2\/pages\/455"}],"collection":[{"href":"https:\/\/kurumsalhediyelik.com.tr\/index.php?rest_route=\/wp\/v2\/pages"}],"about":[{"href":"https:\/\/kurumsalhediyelik.com.tr\/index.php?rest_route=\/wp\/v2\/types\/page"}],"author":[{"embeddable":true,"href":"https:\/\/kurumsalhediyelik.com.tr\/index.php?rest_route=\/wp\/v2\/users\/1"}],"replies":[{"embeddable":true,"href":"https:\/\/kurumsalhediyelik.com.tr\/index.php?rest_route=%2Fwp%2Fv2%2Fcomments&post=455"}],"version-history":[{"count":15,"href":"https:\/\/kurumsalhediyelik.com.tr\/index.php?rest_route=\/wp\/v2\/pages\/455\/revisions"}],"predecessor-version":[{"id":473,"href":"https:\/\/kurumsalhediyelik.com.tr\/index.php?rest_route=\/wp\/v2\/pages\/455\/revisions\/473"}],"wp:attachment":[{"href":"https:\/\/kurumsalhediyelik.com.tr\/index.php?rest_route=%2Fwp%2Fv2%2Fmedia&parent=455"}],"curies":[{"name":"wp","href":"https:\/\/api.w.org\/{rel}","templated":true}]}}